{"id":150,"date":"2014-01-28T04:26:18","date_gmt":"2014-01-28T04:26:18","guid":{"rendered":"http:\/\/www.keep-smiling.com\/wordpress\/?page_id=150"},"modified":"2014-06-04T08:57:00","modified_gmt":"2014-06-04T08:57:00","slug":"presentation","status":"publish","type":"page","link":"https:\/\/www.keep-smiling.com\/?page_id=150","title":{"rendered":"Pr\u00e9sentation"},"content":{"rendered":"<p align=\"JUSTIFY\"><span style=\"color: #000000;\"><span style=\"font-family: Times New Roman,serif;\"><span style=\"font-size: medium;\">L&rsquo;action \u00ab\u00a0tekno\u00a0\u00bb est l&rsquo;action historique, le fondement m\u00eame de l&rsquo;association Keep Smiling. <\/span><\/span><\/span><\/p>\n<p align=\"JUSTIFY\"><span style=\"color: #000000;\"><span style=\"font-family: Times New Roman,serif;\"><span style=\"font-size: medium;\">Nous travaillons \u00e0 la demande des organisateurs de soir\u00e9es \u00e9lectroniques. Les milieux festifs fr\u00e9quent\u00e9s par KS sont nombreux et diversifi\u00e9s (free-parties, festivals, concerts, soir\u00e9es \u00e9lectroniques en salle ou en ext\u00e9rieur, bars, boites de nuit). Cette di<\/span><\/span><\/span><span style=\"color: #000000;\"><span style=\"font-family: Times New Roman,serif;\"><span style=\"font-size: medium;\">versit\u00e9 d&rsquo;\u00e9v\u00e9nements festifs et leur localisation variable (urbain, p\u00e9ri-urbain et rural) am\u00e8nent l&rsquo;association, depuis sa cr\u00e9ation, \u00e0 conduire des actions de pr\u00e9vention et r\u00e9duction des risques \u00e0 travers toute la r\u00e9gion Rh\u00f4ne-Alpes<\/span><\/span><\/span><span style=\"color: #000000;\"><span style=\"font-family: Times New Roman,serif;\"><span style=\"font-size: medium;\">. Gr\u00e2ce \u00e0 un r\u00e9seau d&rsquo;organisateurs sans cesse renouvel\u00e9, nous sommes bien souvent les seuls \u00e0 \u00eatre pr\u00e9sent sur un \u00e9v\u00e9nement festif. <\/span><\/span><\/span><\/p>\n<p align=\"JUSTIFY\"><span style=\"color: #000000;\"><span style=\"font-family: Times New Roman,serif;\"><span style=\"font-size: medium;\">Pour mener \u00e0 bien ses missions, Keep Smiling propose plusieurs dispositifs diff\u00e9rents en fonction de la soir\u00e9e, de sa dur\u00e9e, du type d&rsquo;\u00e9v\u00e8nement lui m\u00eame, du lieu, de l&rsquo;endroit d\u00e9volu \u00e0 la pr\u00e9vention et la r\u00e9duction des risques, du nombre de participants et du nombre de b\u00e9n\u00e9voles disponibles.<\/span><\/span><\/span><\/p>\n<p align=\"JUSTIFY\"><span style=\"color: #000000;\"><span style=\"font-family: Times New Roman,serif;\"><span style=\"font-size: medium;\"><b>Le stand<\/b><\/span><\/span><\/span><\/p>\n<p align=\"JUSTIFY\"><span style=\"font-family: Times New Roman,serif;\"><span style=\"font-size: medium;\">Dispositif adapt\u00e9 \u00e0 toutes les soir\u00e9es, particuli\u00e8rement pour celles qui ont lieu dans des espaces et\/ou avec un nombre de participants restreint. L\u00e9ger en termes d&rsquo;infrastructure et de moyens humains ; il est tenu par 2 b\u00e9n\u00e9voles minimum. La table peut sembler constituer une barri\u00e8re entre l&rsquo;intervenant et son interlocuteur, c&rsquo;est la raison pour laquelle nous la d\u00e9corons avec des tentures et des guirlandes lumineuses afin de la rendre agr\u00e9able.<\/span><\/span><\/p>\n<p align=\"JUSTIFY\"><span style=\"font-family: Times New Roman,serif;\"><span style=\"font-size: medium;\">Il se mat\u00e9rialise par une ou plusieurs tables sur lesquelles sont dispos\u00e9s des brochures d&rsquo;informations sur les drogues, sexualit\u00e9s, risques auditifs et sur la route, ainsi que le mat\u00e9riel de pr\u00e9vention et de r\u00e9duction des risques comme les \u00e9thylotests, protections auditives, pr\u00e9servatifs masculins et internes, lubrifiants, protections buccales, \u00ab\u00a0roule ta paille\u00a0\u00bb, s\u00e9rum physiologique, kits d&rsquo;injection, kits crack. <\/span><\/span><\/p>\n<p align=\"JUSTIFY\"><span style=\"font-family: Times New Roman,serif;\"><span style=\"font-size: medium;\">Pour les interventions en ext\u00e9rieur, il est possible de lui adjoindre une tonnelle.<\/span><\/span><\/p>\n<p align=\"JUSTIFY\"><span style=\"color: #000000;\"><span style=\"font-family: Times New Roman,serif;\"><span style=\"font-size: medium;\"><b>Chill out<\/b><\/span><\/span><\/span><\/p>\n<p align=\"JUSTIFY\"><span style=\"font-family: Times New Roman,serif;\"><span style=\"font-size: medium;\">Le chill-out est un espace dans lequel on peut se d\u00e9tendre, s&rsquo;allonger, avoir acc\u00e8s \u00e0 de l&rsquo;eau et discuter au calme. Il est con\u00e7u pour provoquer une rupture avec le son, avec les exc\u00e8s de la f\u00eate <\/span><\/span><span style=\"font-family: Times New Roman,serif;\"><span style=\"font-size: medium;\">et susciter l&rsquo;apaisement des personnes et la convivialit\u00e9.<\/span><\/span><span style=\"font-family: Times New Roman,serif;\"><span style=\"font-size: medium;\"> A KS, il s&rsquo;agit d\u2019une tente militaire de 15m\u00b2 environ dans laquelle sont install\u00e9s un stand de pr\u00e9vention et un espace lounge agr\u00e9ablement d\u00e9cor\u00e9.<\/span><\/span><\/p>\n<p align=\"JUSTIFY\"><span style=\"font-family: Times New Roman,serif;\"><span style=\"font-size: medium;\">C&rsquo;est un dispositif particuli\u00e8rement adapt\u00e9 aux festivals et \u00e9v\u00e8nements se d\u00e9roulant en ext\u00e9rieur et\/ou sur une dur\u00e9e sup\u00e9rieure \u00e0 une nuit. Il peut \u00eatre mont\u00e9 en int\u00e9rieur si l&rsquo;espace s&rsquo;y pr\u00eate, ce qui est le cas de certaines soir\u00e9es \u00e9lectroniques de grande ampleur. <\/span><\/span><\/p>\n<p align=\"JUSTIFY\"><span style=\"font-family: Times New Roman,serif;\"><span style=\"font-size: medium;\">Gr\u00e2ce \u00e0 son espace \u00ab\u00a0lounge\u00a0\u00bb, ce dispostif convient \u00e0 des discussions plus longues qui permettent d\u2019aborder des sujets plus intimes sur les prises de risques, la mani\u00e8re de vivre la f\u00eate, les sexualit\u00e9s, les repr\u00e9sentations autour des produits et les modes de consommation.<\/span><\/span><\/p>\n<p align=\"JUSTIFY\"><span style=\"font-family: Times New Roman,serif;\"><span style=\"font-size: medium;\">Identifi\u00e9s par de nombreux f\u00eatard-es depuis plusieurs ann\u00e9es, le chill-out de KS est l&rsquo;endroit o\u00f9 le public sait qu&rsquo;il peut amener une personne qui aurait besoin d&rsquo;une prise en charge sanitaire, une r\u00e9assurance ou simplement se reposer. Ainsi, c&rsquo;est sous le chill-out qu&rsquo;ont majoritairement lieu la gestion des bads trips, la bobologie, la surveillance des personnes endormies ou en hypothermie, les alertes et les \u00e9vacuations d&rsquo;urgence.<\/span><\/span><\/p>\n<p align=\"JUSTIFY\"><span style=\"color: #000000;\"><span style=\"font-family: Times New Roman,serif;\"><span style=\"font-size: medium;\">Le chill-out n\u00e9cessite une logistique et une organisation plus importantes puisque 6 b\u00e9n\u00e9voles au minimum sont n\u00e9cessaires \u00e0 son montage et \u00e0 sa tenue. En effet, il faut assembler la structure, faire les branchements \u00e9lectriques, d\u00e9corer et installer l&rsquo;espace d\u00e9tente et l&rsquo;espace pr\u00e9vention\/RdR, le tout devant \u00eatre fait en sens inverse une fois la soir\u00e9e termin\u00e9e.<\/span><\/span><\/span><\/p>\n<h3><span style=\"color: #000000;\"><span style=\"font-family: Times New Roman,serif;\"><span style=\"font-size: medium;\">La Mise A Disposition (MAD)<\/span><\/span><\/span><\/h3>\n<p align=\"JUSTIFY\"><span style=\"font-family: Times New Roman,serif;\"><span style=\"font-size: medium;\">Depuis 2006, l&rsquo;association a d\u00e9velopp\u00e9 un autre dispositif par le biais de la mise \u00e0 disposition d\u2019outils et de brochures.<\/span><\/span><\/p>\n<p align=\"JUSTIFY\"><span style=\"font-family: Times New Roman,serif;\"><span style=\"font-size: medium;\">Lorsque nous ne pouvons pas r\u00e9pondre aux demandes des organisateurs pour la tenue d&rsquo;un stand ou d&rsquo;un chill-out, il leur est propos\u00e9 du mat\u00e9riel et des brochures pour leur soir\u00e9e.<\/span><\/span><\/p>\n<p align=\"JUSTIFY\"><span style=\"font-family: Times New Roman,serif;\"><span style=\"font-size: medium;\">Nous distinguons plusieurs types de mises \u00e0 disposition, celles avec ou sans personne-relais, celles par des envois de colis.<\/span><\/span><\/p>\n<h4><span style=\"color: #000000;\"><span style=\"font-family: Times New Roman,serif;\"><span style=\"font-size: medium;\">Avec personne relais<\/span><\/span><\/span><\/h4>\n<p align=\"JUSTIFY\"><span style=\"font-family: Times New Roman,serif;\"><span style=\"font-size: medium;\">On entend par personne-relais, des organisateurs de soir\u00e9es ou des f\u00eatards qui souhaitent informer, diffuser des outils de RdR dans leurs soir\u00e9es de mani\u00e8re r\u00e9guli\u00e8re. Pour cela, une formation identique \u00e0 celle donn\u00e9e aux b\u00e9n\u00e9voles de KS leur est propos\u00e9e. <\/span><\/span><\/p>\n<h4><span style=\"color: #000000;\"><span style=\"font-family: Times New Roman,serif;\"><span style=\"font-size: medium;\">Sans personne relais<\/span><\/span><\/span><\/h4>\n<p align=\"JUSTIFY\"><span style=\"font-family: Times New Roman,serif;\"><span style=\"font-size: medium;\">Le plus souvent, il s&rsquo;agit d&rsquo;organisateurs ou d&rsquo;usagers, sensibilis\u00e9s \u00e0 la RdR qui viennent prendre du mat\u00e9riel et des brochures au local pour les diffuser. Ces personnes n&rsquo;ont pas suivi de formation. C&rsquo;est principalement le coordinateur qui prend un peu de temps pour discuter avec elles quant au mat\u00e9riel donn\u00e9, son utilisation, les risques \u00e0 \u00e9viter en soir\u00e9e. C&rsquo;est \u00e9galement l&rsquo;occasion d&rsquo;expliquer le travail fait par l&rsquo;association.<\/span><\/span><\/p>\n<h4><span style=\"color: #000000;\"><span style=\"font-family: Times New Roman,serif;\"><span style=\"font-size: medium;\">L&rsquo;envoi de colis<\/span><\/span><\/span><\/h4>\n<p align=\"JUSTIFY\"><span style=\"font-family: Times New Roman,serif;\"><span style=\"font-size: medium;\">Lorsque la soir\u00e9e est trop \u00e9loign\u00e9e et que personne ne peut se d\u00e9placer, il nous arrive d&rsquo;envoyer des colis de mat\u00e9riel et brochures \u00e0 un organisateur de soir\u00e9es.<\/span><\/span><\/p>\n<p align=\"JUSTIFY\"><span style=\"font-family: Times New Roman,serif;\"><span style=\"font-size: medium;\">Nous consid\u00e9rons qu&rsquo;il vaut mieux qu&rsquo;il y ait du mat\u00e9riel et des brochures \u00e0 disposition, m\u00eame sans interlocuteur form\u00e9 plut\u00f4t que pas de pr\u00e9vention du tout. La mise \u00e0 disposition permet de diffuser plus largement les messages et outils de pr\u00e9vention\/RdR, toucher des personnes qui ne sont pas toujours int\u00e9ress\u00e9es par les autres dispositifs propos\u00e9s. Mais c&rsquo;est surtout un moyen pour travailler avec les f\u00eatard-es dans une logique d\u2019empowerment puisque c\u2019est bien eux qui s\u2019approprient alors la d\u00e9marche de sant\u00e9 au sein de leur soir\u00e9e par la mise en place d\u2019un dispositif.<\/span><\/span><\/p>\n<h3 align=\"JUSTIFY\"><\/h3>\n<p align=\"JUSTIFY\"><span style=\"font-family: Times New Roman,serif;\"><span style=\"font-size: medium;\">L&rsquo;\u00e9quipe intervenante sur le milieu Tekno est compos\u00e9e d\u2019un coordinateur et d\u2019une \u00e9quipe b\u00e9n\u00e9vole. <\/span><\/span><\/p>\n<p align=\"JUSTIFY\"><span style=\"font-family: Times New Roman,serif;\"><span style=\"font-size: medium;\"><b>Contacts<\/b><\/span><\/span><\/p>\n<p align=\"JUSTIFY\"><span style=\"font-family: Times New Roman,serif;\"><span style=\"font-size: medium;\"><br \/>\nSection festive Tekno \/ KEEP SMILING<\/span><\/span><\/p>\n<p align=\"JUSTIFY\"><span style=\"font-family: Times New Roman,serif;\"><span style=\"font-size: medium;\">3, Rue Baraban 69006 Lyon T\u00e9l\u00e9phone : 04 72 60 92 66 \/<\/span><\/span><\/p>\n<p align=\"JUSTIFY\"><span style=\"font-family: Times New Roman,serif;\"><span style=\"font-size: medium;\">Coordinateur\u00a0: Jesse HAUTIN \u2013 T\u00e9 : 06 78 37 16 26 \u2013 email : tekno@keep-smiling.com<\/span><\/span><\/p>\n<p align=\"JUSTIFY\"><span style=\"font-family: Times New Roman,serif;\"><span style=\"font-size: medium;\"><br \/>\n<\/span><\/span><span style=\"font-family: Times New Roman,serif;\"><span style=\"font-size: medium;\"><b>Nos comp\u00e9tences<\/b><\/span><\/span><\/p>\n<p align=\"JUSTIFY\"><span style=\"font-family: Times New Roman,serif;\"><span style=\"font-size: medium;\"><br \/>\nEn intervention, nos b\u00e9n\u00e9voles sont form\u00e9s sur:<\/span><\/span><\/p>\n<ul>\n<li>\n<p align=\"JUSTIFY\"><span style=\"font-family: Times New Roman,serif;\"><span style=\"font-size: medium;\">les substances psycho-actives, leurs effets, les m\u00e9langes, les risques associ\u00e9s, les moyens et outils pour les r\u00e9duire,<\/span><\/span><\/p>\n<\/li>\n<li>\n<p align=\"JUSTIFY\"><span style=\"font-family: Times New Roman,serif;\"><span style=\"font-size: medium;\">les sexualit\u00e9s et les risques associ\u00e9s, les pratiques, les IST, les outils de pr\u00e9vention, le d\u00e9pistage et l\u2019acc\u00e8s au soin<\/span><\/span><\/p>\n<\/li>\n<li>\n<p align=\"JUSTIFY\"><span style=\"font-family: Times New Roman,serif;\"><span style=\"font-size: medium;\">les risques auditifs, les risques sur la route, les moyens de les pr\u00e9venir et les outils de pr\u00e9vention <\/span><\/span><\/p>\n<\/li>\n<li>\n<p align=\"JUSTIFY\"><span style=\"font-family: Times New Roman,serif;\"><span style=\"font-size: medium;\">les conduites \u00e0 tenir en cas d\u2019accident, de malaise, la r\u00e9assurance<\/span><\/span><\/p>\n<\/li>\n<\/ul>\n<p align=\"JUSTIFY\"><span style=\"color: #000000;\"><span style=\"font-family: Times New Roman,serif;\"><span style=\"font-size: medium;\">A l\u2019\u00e9coute active, l\u2019orientation des personnes dans le non jugement, le respect des pratiques et des opinions de chacun&#8230; <\/span><\/span><\/span><\/p>\n","protected":false},"excerpt":{"rendered":"<p>L&rsquo;action \u00ab\u00a0tekno\u00a0\u00bb est l&rsquo;action historique, le fondement m\u00eame de l&rsquo;association Keep Smiling. Nous travaillons \u00e0 la demande des organisateurs de soir\u00e9es \u00e9lectroniques. Les milieux festifs fr\u00e9quent\u00e9s par KS sont nombreux et diversifi\u00e9s (free-parties, festivals, concerts, soir\u00e9es \u00e9lectroniques en salle ou en ext\u00e9rieur, bars, boites de nuit). Cette diversit\u00e9 d&rsquo;\u00e9v\u00e9nements festifs et leur localisation variable (urbain, [&hellip;]<\/p>\n","protected":false},"author":1,"featured_media":0,"parent":33,"menu_order":1,"comment_status":"closed","ping_status":"closed","template":"","meta":{"footnotes":""},"class_list":["post-150","page","type-page","status-publish","hentry"],"_links":{"self":[{"href":"https:\/\/www.keep-smiling.com\/index.php?rest_route=\/wp\/v2\/pages\/150","targetHints":{"allow":["GET"]}}],"collection":[{"href":"https:\/\/www.keep-smiling.com\/index.php?rest_route=\/wp\/v2\/pages"}],"about":[{"href":"https:\/\/www.keep-smiling.com\/index.php?rest_route=\/wp\/v2\/types\/page"}],"author":[{"embeddable":true,"href":"https:\/\/www.keep-smiling.com\/index.php?rest_route=\/wp\/v2\/users\/1"}],"replies":[{"embeddable":true,"href":"https:\/\/www.keep-smiling.com\/index.php?rest_route=%2Fwp%2Fv2%2Fcomments&post=150"}],"version-history":[{"count":5,"href":"https:\/\/www.keep-smiling.com\/index.php?rest_route=\/wp\/v2\/pages\/150\/revisions"}],"predecessor-version":[{"id":431,"href":"https:\/\/www.keep-smiling.com\/index.php?rest_route=\/wp\/v2\/pages\/150\/revisions\/431"}],"up":[{"embeddable":true,"href":"https:\/\/www.keep-smiling.com\/index.php?rest_route=\/wp\/v2\/pages\/33"}],"wp:attachment":[{"href":"https:\/\/www.keep-smiling.com\/index.php?rest_route=%2Fwp%2Fv2%2Fmedia&parent=150"}],"curies":[{"name":"wp","href":"https:\/\/api.w.org\/{rel}","templated":true}]}}