{"id":50,"date":"2014-01-15T00:00:03","date_gmt":"2014-01-15T00:00:03","guid":{"rendered":"http:\/\/www.keep-smiling.com\/wordpress\/?page_id=50"},"modified":"2014-01-29T02:16:38","modified_gmt":"2014-01-29T02:16:38","slug":"les-prods","status":"publish","type":"page","link":"https:\/\/www.keep-smiling.com\/?page_id=50","title":{"rendered":"Les Prod&rsquo;s"},"content":{"rendered":"<p>Prods <strong>Bonjour \u00e0 tous et bienvenue sur les fiches prods.<\/strong><br \/>\nVous trouverez ici des informations sur les diff\u00e9rentes drogues. N&rsquo;hesitez pas \u00e0 nous contacter pour toute erreur ou pour toute remarque \u00e0 <a href=\"mailto:info@keep-smiling.com\">info@keep-smiling.com<\/a><\/p>\n<p>L&rsquo;objectif n&rsquo;est en aucun cas d&rsquo;inciter mais de r\u00e9duire les risques li\u00e9s \u00e0 l&rsquo;usage des drogues<\/p>\n<p>En France, l&rsquo;acquisition, la possession, l&rsquo;usage, la production, le transport, la cession (m\u00eame \u00e0 titre gratuit) et la vente de stup\u00e9fiants sont prohib\u00e9s par le Code de la Sant\u00e9 Publique et le Code P\u00e9nal.<\/p>\n","protected":false},"excerpt":{"rendered":"<p>Prods Bonjour \u00e0 tous et bienvenue sur les fiches prods. Vous trouverez ici des informations sur les diff\u00e9rentes drogues. N&rsquo;hesitez pas \u00e0 nous contacter pour toute erreur ou pour toute remarque \u00e0 info@keep-smiling.com L&rsquo;objectif n&rsquo;est en aucun cas d&rsquo;inciter mais de r\u00e9duire les risques li\u00e9s \u00e0 l&rsquo;usage des drogues En France, l&rsquo;acquisition, la possession, l&rsquo;usage, [&hellip;]<\/p>\n","protected":false},"author":1,"featured_media":0,"parent":5,"menu_order":7,"comment_status":"closed","ping_status":"closed","template":"","meta":{"footnotes":""},"class_list":["post-50","page","type-page","status-publish","hentry"],"_links":{"self":[{"href":"https:\/\/www.keep-smiling.com\/index.php?rest_route=\/wp\/v2\/pages\/50","targetHints":{"allow":["GET"]}}],"collection":[{"href":"https:\/\/www.keep-smiling.com\/index.php?rest_route=\/wp\/v2\/pages"}],"about":[{"href":"https:\/\/www.keep-smiling.com\/index.php?rest_route=\/wp\/v2\/types\/page"}],"author":[{"embeddable":true,"href":"https:\/\/www.keep-smiling.com\/index.php?rest_route=\/wp\/v2\/users\/1"}],"replies":[{"embeddable":true,"href":"https:\/\/www.keep-smiling.com\/index.php?rest_route=%2Fwp%2Fv2%2Fcomments&post=50"}],"version-history":[{"count":1,"href":"https:\/\/www.keep-smiling.com\/index.php?rest_route=\/wp\/v2\/pages\/50\/revisions"}],"predecessor-version":[{"id":51,"href":"https:\/\/www.keep-smiling.com\/index.php?rest_route=\/wp\/v2\/pages\/50\/revisions\/51"}],"up":[{"embeddable":true,"href":"https:\/\/www.keep-smiling.com\/index.php?rest_route=\/wp\/v2\/pages\/5"}],"wp:attachment":[{"href":"https:\/\/www.keep-smiling.com\/index.php?rest_route=%2Fwp%2Fv2%2Fmedia&parent=50"}],"curies":[{"name":"wp","href":"https:\/\/api.w.org\/{rel}","templated":true}]}}