{"id":59,"date":"2014-01-15T00:00:08","date_gmt":"2014-01-15T00:00:08","guid":{"rendered":"http:\/\/www.keep-smiling.com\/wordpress\/?page_id=59"},"modified":"2014-01-28T08:34:39","modified_gmt":"2014-01-28T08:34:39","slug":"qui-sommes-nous","status":"publish","type":"page","link":"https:\/\/www.keep-smiling.com\/?page_id=59","title":{"rendered":"Qui sommes-nous"},"content":{"rendered":"<p>Qui sommes nous?<\/p>\n<p><em><strong>Keep Smiling<\/strong><\/em> est une association d\u2019auto-support en milieu festif, dont l\u2019objectif principal est l\u2019information et la r\u00e9duction des risques (par rapport \u00e0 la consommation de substances psychoactives, mais aussi la sexualit\u00e9, les risques auditifs, la pr\u00e9vention routi\u00e8re\u2026) dans les soir\u00e9es techno\/\u00e9lectro et les festivals de la r\u00e9gion Rh\u00f4ne-Alpes.<\/p>\n<p>Elle se compose d\u2019une trentaine de volontaires (=les personnes que vous pourrez rencontrer sur les interventions et au local de l\u2019association) et de trois salari\u00e9(e)s.<\/p>\n<p>Nous sommes issuEs d\u2019horizons tr\u00e8s divers : free-parties, sc\u00e8ne \u00e9lectro, sc\u00e8ne \u00ab alterno \u00bb (DIY)\u2026 certainEs d\u2019entre nous sont des professionnelLEs de la sant\u00e9 ou du social, d\u2019autres de l\u2019informatique, d\u2019autres sont \u00e9tudiantEs\u2026 certainEs ont une exp\u00e9rience des substances psychoactives, d\u2019autres non\u2026<\/p>\n<p>Ce que nous avons en commun ? Nous consid\u00e9rons que la culpabilisation\/r\u00e9pression des consommateurs\/trices et le discours \u00ab non \u00e0 la drogue \u00bb ne peuvent \u00eatre les seules r\u00e9ponses face \u00e0 la r\u00e9alit\u00e9 de la prise de produits dans le milieu festif, techno ou non.<\/p>\n<p>Les drogues existent, certaines personnes en consomment, et le manque d\u2019informations fiables sur ces substances et pratiques aboutit \u00e0 des prises de risques, dont les cons\u00e9quences pour les individuEs et la soci\u00e9t\u00e9 peuvent \u00eatre tr\u00e8s lourdes (VIH, h\u00e9patites B et C, surdoses,difficult\u00e9es sociales, troubles psychiatriques\u2026)<\/p>\n<p>Parce que nous sommes des personnes concern\u00e9es par ces questions, nous d\u00e9veloppons une approche communautaire, bas\u00e9e sur nos connaissances en mati\u00e8re de produits, de pratiques de consommation, de codes sociaux et culturels du milieu o\u00f9 nous intervenons, de r\u00e9seaux \u2026mais aussi sur les comp\u00e9tences que nous avons acquises par nos formations, nos parcours professionnels, notre travail interassociatif. Nous ne sommes pas antagonistes avec le soin ou la pr\u00e9vention primaire, nous sommes simplement dans une d\u00e9marche diff\u00e9rente, au plus pr\u00e8s des r\u00e9alit\u00e9s quotidiennes des usagerEs du milieu festif.<\/p>\n<p>Nous nous situons dans une logique de responsabilisation de la personne consommatrice, parce que nous consid\u00e9rons qu\u2019elle est la plus \u00e0 m\u00eame de d\u00e9cider de ce qui est bon ou pas pour elle. Notre \u00ab devoir \u00bb consiste \u00e0 lui donner des informations objectives sur ce qu\u2019elle consomme et les risques qu\u2019elle peut rencontrer dans ses pratiques, afin qu\u2019elle puisse faire ses choix en toute connaissance de cause (Voir aussi La Rdr C&rsquo;est koi ?).<br \/>\nNous avons choisi de ne plus nous cantonner au milieu techno, parce que nous sommes conscientEs que la consommation de substances psychoactives ne se limite pas \u00e0 la sc\u00e8ne \u00e9lectronique, et que le public comme les produits circulent d\u2019un style de musique \u00e0 un autre. Toutefois, nous privil\u00e9gions la sc\u00e8ne \u00e9lectronique en raison de notre parcours et d\u2019une plus grand disponibilit\u00e9 de produits lors de ces soir\u00e9es.<\/p>\n<p>Nous soutenons \u00e9galement la culture de ce milieu, et souhaitons d\u00e9velopper cet aspect au sein de nos activit\u00e9s (expos, projections\u2026). Plus qu\u2019un simple plaisir, c\u2019est aussi une mani\u00e8re de cr\u00e9er des liens avec les personnes fr\u00e9quentant les soir\u00e9es \u00e9lectroniques mais ne se sentant pas concern\u00e9Es par les probl\u00e9matiques de sant\u00e9 ou d\u2019usage de substances.<\/p>\n<p>&nbsp;<\/p>\n","protected":false},"excerpt":{"rendered":"<p>Qui sommes nous? Keep Smiling est une association d\u2019auto-support en milieu festif, dont l\u2019objectif principal est l\u2019information et la r\u00e9duction des risques (par rapport \u00e0 la consommation de substances psychoactives, mais aussi la sexualit\u00e9, les risques auditifs, la pr\u00e9vention routi\u00e8re\u2026) dans les soir\u00e9es techno\/\u00e9lectro et les festivals de la r\u00e9gion Rh\u00f4ne-Alpes. Elle se compose d\u2019une [&hellip;]<\/p>\n","protected":false},"author":1,"featured_media":0,"parent":30,"menu_order":1,"comment_status":"closed","ping_status":"closed","template":"","meta":{"footnotes":""},"class_list":["post-59","page","type-page","status-publish","hentry"],"_links":{"self":[{"href":"https:\/\/www.keep-smiling.com\/index.php?rest_route=\/wp\/v2\/pages\/59","targetHints":{"allow":["GET"]}}],"collection":[{"href":"https:\/\/www.keep-smiling.com\/index.php?rest_route=\/wp\/v2\/pages"}],"about":[{"href":"https:\/\/www.keep-smiling.com\/index.php?rest_route=\/wp\/v2\/types\/page"}],"author":[{"embeddable":true,"href":"https:\/\/www.keep-smiling.com\/index.php?rest_route=\/wp\/v2\/users\/1"}],"replies":[{"embeddable":true,"href":"https:\/\/www.keep-smiling.com\/index.php?rest_route=%2Fwp%2Fv2%2Fcomments&post=59"}],"version-history":[{"count":6,"href":"https:\/\/www.keep-smiling.com\/index.php?rest_route=\/wp\/v2\/pages\/59\/revisions"}],"predecessor-version":[{"id":603,"href":"https:\/\/www.keep-smiling.com\/index.php?rest_route=\/wp\/v2\/pages\/59\/revisions\/603"}],"up":[{"embeddable":true,"href":"https:\/\/www.keep-smiling.com\/index.php?rest_route=\/wp\/v2\/pages\/30"}],"wp:attachment":[{"href":"https:\/\/www.keep-smiling.com\/index.php?rest_route=%2Fwp%2Fv2%2Fmedia&parent=59"}],"curies":[{"name":"wp","href":"https:\/\/api.w.org\/{rel}","templated":true}]}}