{"id":71,"date":"2014-01-15T00:00:42","date_gmt":"2014-01-15T00:00:42","guid":{"rendered":"http:\/\/www.keep-smiling.com\/wordpress\/?page_id=71"},"modified":"2024-10-11T11:53:03","modified_gmt":"2024-10-11T11:53:03","slug":"contact","status":"publish","type":"page","link":"https:\/\/www.keep-smiling.com\/?page_id=71","title":{"rendered":"Contact"},"content":{"rendered":"<h2>Pour l&rsquo;antenne de Lyon<\/h2>\n<p>Keepsmiling 3, rue Baraban 69006 Lyon<\/p>\n<p>T\u00e9l : <a href=\"tel:0472609266\">04.72.60.92.66<\/a><\/p>\n<p>Pour venir au local de l&rsquo;association cliquez sur ce <a href=\"http:\/\/bit.ly\/2b3YXZL\" target=\"_blank\" rel=\"noopener noreferrer\">lien<\/a><\/p>\n<h2>Pour l&rsquo;antenne de Grenoble<\/h2>\n<p>E-mail : <a href=\"mailto:ksgrenoble@keep-smiling.com\">ksgrenoble@keep-smiling.com<\/a><\/p>\n<hr>\n<p><strong><u>Pour toute demande qui concerne<\/u><\/strong> un \u00e9v\u00e8nement non d\u00e9clar\u00e9, une question relative aux produits psychoactifs si vous \u00eates un.e usager.\u00e8re.s ou un demande de r\u00e9sultat d\u2019analyse :<\/p>\n<p>T\u00e9l <strong><u>uniquement sur Signal<\/u><\/strong> :<\/p>\n<ul>\n<li>Lyon : <a href=\"tel:0695727363\">06.95.72.73.63<\/a><\/li>\n<li>Grenoble : <a href=\"tel:0767734110\">07.67.73.41.10<\/a><\/li>\n<\/ul>\n<p>Ce t\u00e9l\u00e9phone ne re\u00e7oit pas les SMS, ni les appels standards.<\/p>\n<p>Envoie nous un message succin sur \u00ab\u00a0Signal\u00a0\u00bb avec ta demande et nous te rappellerons.<\/p>\n<hr>\n<p><strong><u>Pour toutes autres demandes<\/u><\/strong>&nbsp;merci de remplir le formulaire ci-dessous<\/p>\n\n<div class=\"wpcf7 no-js\" id=\"wpcf7-f469-o1\" lang=\"fr-FR\" dir=\"ltr\" data-wpcf7-id=\"469\">\n<div class=\"screen-reader-response\"><p role=\"status\" aria-live=\"polite\" aria-atomic=\"true\"><\/p> <ul><\/ul><\/div>\n<form action=\"\/index.php?rest_route=%2Fwp%2Fv2%2Fpages%2F71#wpcf7-f469-o1\" method=\"post\" class=\"wpcf7-form init\" aria-label=\"Formulaire de contact\" novalidate=\"novalidate\" data-status=\"init\">\n<fieldset class=\"hidden-fields-container\"><input type=\"hidden\" name=\"_wpcf7\" value=\"469\" \/><input type=\"hidden\" name=\"_wpcf7_version\" value=\"6.1.2\" \/><input type=\"hidden\" name=\"_wpcf7_locale\" value=\"fr_FR\" \/><input type=\"hidden\" name=\"_wpcf7_unit_tag\" value=\"wpcf7-f469-o1\" \/><input type=\"hidden\" name=\"_wpcf7_container_post\" value=\"0\" \/><input type=\"hidden\" name=\"_wpcf7_posted_data_hash\" value=\"\" \/>\n<\/fieldset>\n<p>Votre nom, pr\u00e9nom ou pseudo (obligatoire)\n<\/p>\n<p><span class=\"wpcf7-form-control-wrap\" data-name=\"your-name\"><input size=\"40\" maxlength=\"400\" class=\"wpcf7-form-control wpcf7-text wpcf7-validates-as-required\" aria-required=\"true\" aria-invalid=\"false\" value=\"\" type=\"text\" name=\"your-name\" \/><\/span>\n<\/p>\n<p>T\u00e9l\u00e9phone (Conseill\u00e9)\n<\/p>\n<p><span class=\"wpcf7-form-control-wrap\" data-name=\"tel-6\"><input size=\"40\" maxlength=\"400\" class=\"wpcf7-form-control wpcf7-tel wpcf7-text wpcf7-validates-as-tel\" aria-invalid=\"false\" value=\"\" type=\"tel\" name=\"tel-6\" \/><\/span>\n<\/p>\n<p>Votre email (obligatoire)\n<\/p>\n<p><span class=\"wpcf7-form-control-wrap\" data-name=\"your-email\"><input size=\"40\" maxlength=\"400\" class=\"wpcf7-form-control wpcf7-email wpcf7-validates-as-required wpcf7-text wpcf7-validates-as-email\" aria-required=\"true\" aria-invalid=\"false\" value=\"\" type=\"email\" name=\"your-email\" \/><\/span>\n<\/p>\n<p>Destinataire\n<\/p>\n<p><span class=\"wpcf7-form-control-wrap\" data-name=\"menu-786\"><select class=\"wpcf7-form-control wpcf7-select\" aria-invalid=\"false\" name=\"menu-786\"><option value=\"Keep Smiling Lyon\">Keep Smiling Lyon<\/option><option value=\"Keep Smiling Grenoble\">Keep Smiling Grenoble<\/option><option value=\"Devenir B\u00e9n\u00e9vole\">Devenir B\u00e9n\u00e9vole<\/option><option value=\"Section Tekno\">Section Tekno<\/option><option value=\"Section LGBT\">Section LGBT<\/option><\/select><\/span>\n<\/p>\n<p>Sujet\n<\/p>\n<p><span class=\"wpcf7-form-control-wrap\" data-name=\"your-subject\"><input size=\"40\" maxlength=\"400\" class=\"wpcf7-form-control wpcf7-text\" aria-invalid=\"false\" value=\"\" type=\"text\" name=\"your-subject\" \/><\/span>\n<\/p>\n<p>Votre message\n<\/p>\n<p><span class=\"wpcf7-form-control-wrap\" data-name=\"your-message\"><textarea cols=\"40\" rows=\"10\" maxlength=\"2000\" class=\"wpcf7-form-control wpcf7-textarea\" aria-invalid=\"false\" name=\"your-message\"><\/textarea><\/span>\n<\/p>\n<p>merci de remplir le captcha ci-dessous<br \/>\n<span class=\"wpcf7-form-control-wrap\" data-name=\"captcha-647\"><input size=\"40\" class=\"wpcf7-form-control wpcf7-captchar\" autocomplete=\"off\" aria-invalid=\"false\" value=\"\" type=\"text\" name=\"captcha-647\" \/><\/span>\n<\/p>\n<p><input type=\"hidden\" name=\"_wpcf7_captcha_challenge_captcha-647\" value=\"1274229976\" \/><img loading=\"lazy\" decoding=\"async\" class=\"wpcf7-form-control wpcf7-captchac wpcf7-captcha-captcha-647\" width=\"72\" height=\"24\" alt=\"captcha\" src=\"https:\/\/www.keep-smiling.com\/wp-content\/uploads\/wpcf7_captcha\/1274229976.png\" \/>\n<\/p>\n<p><input class=\"wpcf7-form-control wpcf7-submit has-spinner\" type=\"submit\" value=\"Envoyer\" \/>\n<\/p><div class=\"wpcf7-response-output\" aria-hidden=\"true\"><\/div>\n<\/form>\n<\/div>\n\n","protected":false},"excerpt":{"rendered":"<p>Pour l&rsquo;antenne de Lyon Keepsmiling 3, rue Baraban 69006 Lyon T\u00e9l : 04.72.60.92.66 Pour venir au local de l&rsquo;association cliquez sur ce lien Pour l&rsquo;antenne de Grenoble E-mail : ksgrenoble@keep-smiling.com Pour toute demande qui concerne un \u00e9v\u00e8nement non d\u00e9clar\u00e9, une question relative aux produits psychoactifs si vous \u00eates un.e usager.\u00e8re.s ou un demande de r\u00e9sultat [&hellip;]<\/p>\n","protected":false},"author":1,"featured_media":0,"parent":30,"menu_order":5,"comment_status":"closed","ping_status":"closed","template":"","meta":{"footnotes":""},"class_list":["post-71","page","type-page","status-publish","hentry"],"_links":{"self":[{"href":"https:\/\/www.keep-smiling.com\/index.php?rest_route=\/wp\/v2\/pages\/71","targetHints":{"allow":["GET"]}}],"collection":[{"href":"https:\/\/www.keep-smiling.com\/index.php?rest_route=\/wp\/v2\/pages"}],"about":[{"href":"https:\/\/www.keep-smiling.com\/index.php?rest_route=\/wp\/v2\/types\/page"}],"author":[{"embeddable":true,"href":"https:\/\/www.keep-smiling.com\/index.php?rest_route=\/wp\/v2\/users\/1"}],"replies":[{"embeddable":true,"href":"https:\/\/www.keep-smiling.com\/index.php?rest_route=%2Fwp%2Fv2%2Fcomments&post=71"}],"version-history":[{"count":17,"href":"https:\/\/www.keep-smiling.com\/index.php?rest_route=\/wp\/v2\/pages\/71\/revisions"}],"predecessor-version":[{"id":572,"href":"https:\/\/www.keep-smiling.com\/index.php?rest_route=\/wp\/v2\/pages\/71\/revisions\/572"}],"up":[{"embeddable":true,"href":"https:\/\/www.keep-smiling.com\/index.php?rest_route=\/wp\/v2\/pages\/30"}],"wp:attachment":[{"href":"https:\/\/www.keep-smiling.com\/index.php?rest_route=%2Fwp%2Fv2%2Fmedia&parent=71"}],"curies":[{"name":"wp","href":"https:\/\/api.w.org\/{rel}","templated":true}]}}